{"id":685,"date":"2022-06-30T12:36:45","date_gmt":"2022-06-30T10:36:45","guid":{"rendered":"https:\/\/scandoresidence.pl\/?page_id=685"},"modified":"2024-03-18T08:48:03","modified_gmt":"2024-03-18T07:48:03","slug":"privacy-policy","status":"publish","type":"page","link":"https:\/\/scandoresidence.pl\/en\/privacy-policy\/","title":{"rendered":"Privacy policy"},"content":{"rendered":"<h3>Kto jest administratorem Twoich danych osobowych?<\/h3>\n<p><strong><br \/>\n<\/strong>Administratorem Twoich danych osobowych jest LS INVEST Sp. z o.o. ul. Ks. Jerzego Popie\u0142uszki 24a\/4 80-864 Gda\u0144sk.<\/p>\n<p>&nbsp;<\/p>\n<h3>Jak si\u0119 z nami skontaktowa\u0107, \u017ceby uzyska\u0107 wi\u0119cej informacji o przetwarzaniu danych osobowych?<\/h3>\n<p><strong><br \/>\n<\/strong>W celu uzyskania informacji odno\u015bnie sposobu przetwarzania danych osobowych przez LS INVEST prosimy o kontakt na adres mailowy: biuro@lsinvest.pl lub na adres siedziby: ul. Ks. Jerzego Popie\u0142uszki 24a\/4 80-864 Gda\u0144sk.<\/p>\n<p>&nbsp;<\/p>\n<h3>Jaki jest cel przetwarzania Twoich danych osobowych przez LS INVEST?<\/h3>\n<p><strong><br \/>\n<\/strong>Twoje dane osobowe przetwarzane b\u0119d\u0105 w celu przesy\u0142ania newsletter\u00f3w, dla cel\u00f3w marketingowych, dla cel\u00f3w statystycznych, a tak\u017ce w celu wykonania umowy.<\/p>\n<p>&nbsp;<\/p>\n<h3>Jaka jest podstawa prawna przetwarzania danych osobowych przez LS INVEST?<\/h3>\n<p><strong><br \/>\n<\/strong>Podstaw\u0105 prawn\u0105 przetwarzania Twoich danych osobowych jest realizacja um\u00f3w zawartych przez LS INVEST, realizacja obowi\u0105zku prawnego b\u0105d\u017a prawnie uzasadniony interes Administratora (np.: cele statystyczne, marketing) lub te\u017c Twoja uprzednia zgoda.<\/p>\n<p>Je\u017celi wymagaj\u0105 tego przepisy prawa, mo\u017cemy wymaga\u0107 od Ciebie podania danych niezb\u0119dnych np. ze wzgl\u0119d\u00f3w rachunkowych lub podatkowych albo do wykonania umowy. Poza tymi przypadkami podanie Twoich danych jest dobrowolne.<\/p>\n<p>&nbsp;<\/p>\n<h3>Komu udost\u0119pniamy Twoje dane osobowe?<\/h3>\n<p><strong><br \/>\n<\/strong>Twoje dane osobowe b\u0119d\u0105 przetwarzane przez lub ich odbiorcami b\u0119d\u0105 m.in. nast\u0119puj\u0105ce podmioty:<br \/>\n\u2022 pracownicy LS INVEST,<br \/>\n\u2022 osoby wsp\u00f3\u0142pracuj\u0105ce z LS INVEST,<br \/>\n\u2022 wybrani us\u0142ugodawcy LS INVEST (np.: podmioty \u015bwiadcz\u0105ce us\u0142ugi e-mail marketingu lub us\u0142ugi informatyczne)<\/p>\n<p>&nbsp;<\/p>\n<h3>Jak chronimy przetwarzane przez nas dane osobowe?<\/h3>\n<p><strong><br \/>\n<\/strong>Twoje dane osobowe b\u0119d\u0105 chronione poprzez zastosowanie odpowiednich \u015brodk\u00f3w (technicznych, fizycznych oraz organizacyjnych) zgodnych ze standardem rynkowym, w celu zapewnienia poufno\u015bci, integralno\u015bci i dost\u0119pno\u015bci przetwarzanych danych osobowych, zapobiegania nieuprawnionemu u\u017cyciu czy dost\u0119powi do danych osobowych, jak r\u00f3wnie\u017c zapobiegania naruszeniu ochrony danych (incydentowi bezpiecze\u0144stwa).<br \/>\nTwoje dane osobowe mog\u0105 by\u0107 przekazywane do pa\u0144stw trzecich na podstawie decyzji Komisji Europejskiej stwierdzaj\u0105cej odpowiedni stopie\u0144 ochrony.<\/p>\n<p>&nbsp;<\/p>\n<h3>Jak d\u0142ugo przechowujemy dane osobowe?<\/h3>\n<p><strong><br \/>\n<\/strong>Twoje dane osobowe b\u0119d\u0105 przechowywane do momentu realizacji celu, dla kt\u00f3rego s\u0105 przetwarzane lub odwo\u0142ania zgody b\u0105d\u017a do momentu przedawnienia roszcze\u0144 zwi\u0105zanych z celami, dla kt\u00f3rych zbierane s\u0105 dane osobowe.<\/p>\n<p>&nbsp;<\/p>\n<h3>Jakie masz uprawnienia wobec LS INVEST w zakresie przetwarzanych Twoich danych?<\/h3>\n<p><strong><br \/>\n<\/strong>Posiadasz prawo dost\u0119pu do tre\u015bci swoich danych oraz prawo ich sprostowania, usuni\u0119cia, ograniczenia przetwarzania, prawo do przenoszenia danych, prawo wniesienia sprzeciwu, w zakresie okre\u015blonym przepisami prawa.<br \/>\nPosiadasz r\u00f3wnie\u017c prawo do cofni\u0119cia zgody na ich przetwarzanie w dowolnym momencie bez wp\u0142ywu na zgodno\u015b\u0107 z prawem przetwarzania, kt\u00f3rego dokonano na podstawie zgody wyra\u017conej przed jej cofni\u0119ciem. O\u015bwiadczenie o cofni\u0119ciu zgody na przetwarzanie danych osobowych wymaga jego przes\u0142ania na adres mailowy biuro@lsinvest.pl<br \/>\nMasz prawo wniesienia skargi do organu nadzorczego, gdy uznasz, i\u017c przetwarzanie Twoich danych osobowych narusza przepisy RODO.<\/p>\n<p>&nbsp;<\/p>\n<h3>Czy przetwarzamy Twoich dane osobowe automatycznie<br \/>\n(w tym poprzez profilowanie) w spos\u00f3b wp\u0142ywaj\u0105cy na prawa?<\/h3>\n<p>Twoje dane mog\u0105 by\u0107 przetwarzane w spos\u00f3b zautomatyzowany, w tym r\u00f3wnie\u017c w formie profilowania w celu doboru odpowiednich adresat\u00f3w informacji handlowych, dla cel\u00f3w statystycznych oraz marketingowych.<\/p>\n","protected":false},"excerpt":{"rendered":"<p>Kto jest administratorem Twoich danych osobowych? Administratorem Twoich danych osobowych jest LS INVEST Sp. z o.o. ul. Ks. Jerzego Popie\u0142uszki 24a\/4 80-864 Gda\u0144sk. &nbsp; Jak si\u0119 z nami skontaktowa\u0107, \u017ceby uzyska\u0107 wi\u0119cej informacji o przetwarzaniu danych osobowych? W celu uzyskania informacji odno\u015bnie sposobu przetwarzania danych osobowych przez LS INVEST prosimy o kontakt na adres mailowy: [&hellip;]<\/p>\n","protected":false},"author":1,"featured_media":0,"parent":0,"menu_order":0,"comment_status":"closed","ping_status":"closed","template":"","meta":{"_acf_changed":false,"footnotes":""},"class_list":["post-685","page","type-page","status-publish","hentry"],"acf":[],"yoast_head":"<!-- This site is optimized with the Yoast SEO plugin v27.3 - https:\/\/yoast.com\/product\/yoast-seo-wordpress\/ -->\n<title>Privacy policy | Scando Residence<\/title>\n<meta name=\"robots\" content=\"index, follow, max-snippet:-1, max-image-preview:large, max-video-preview:-1\" \/>\n<link rel=\"canonical\" href=\"https:\/\/scandoresidence.pl\/en\/privacy-policy\/\" \/>\n<meta property=\"og:locale\" content=\"en_US\" \/>\n<meta property=\"og:type\" content=\"article\" \/>\n<meta property=\"og:title\" content=\"Privacy policy | Scando Residence\" \/>\n<meta property=\"og:description\" content=\"Kto jest administratorem Twoich danych osobowych? Administratorem Twoich danych osobowych jest LS INVEST Sp. z o.o. ul. Ks. Jerzego Popie\u0142uszki 24a\/4 80-864 Gda\u0144sk. &nbsp; Jak si\u0119 z nami skontaktowa\u0107, \u017ceby uzyska\u0107 wi\u0119cej informacji o przetwarzaniu danych osobowych? W celu uzyskania informacji odno\u015bnie sposobu przetwarzania danych osobowych przez LS INVEST prosimy o kontakt na adres mailowy: [&hellip;]\" \/>\n<meta property=\"og:url\" content=\"https:\/\/scandoresidence.pl\/en\/privacy-policy\/\" \/>\n<meta property=\"og:site_name\" content=\"Scando Residence\" \/>\n<meta property=\"article:modified_time\" content=\"2024-03-18T07:48:03+00:00\" \/>\n<meta property=\"og:image\" content=\"https:\/\/scandoresidence.pl\/wp-content\/uploads\/2022\/04\/ver3.jpg\" \/>\n\t<meta property=\"og:image:width\" content=\"1200\" \/>\n\t<meta property=\"og:image:height\" content=\"630\" \/>\n\t<meta property=\"og:image:type\" content=\"image\/jpeg\" \/>\n<meta name=\"twitter:card\" content=\"summary_large_image\" \/>\n<meta name=\"twitter:label1\" content=\"Est. reading time\" \/>\n\t<meta name=\"twitter:data1\" content=\"3 minutes\" \/>\n<script type=\"application\/ld+json\" class=\"yoast-schema-graph\">{\"@context\":\"https:\\\/\\\/schema.org\",\"@graph\":[{\"@type\":\"WebPage\",\"@id\":\"https:\\\/\\\/scandoresidence.pl\\\/en\\\/privacy-policy\\\/\",\"url\":\"https:\\\/\\\/scandoresidence.pl\\\/en\\\/privacy-policy\\\/\",\"name\":\"Privacy policy | Scando Residence\",\"isPartOf\":{\"@id\":\"https:\\\/\\\/scandoresidence.pl\\\/en\\\/#website\"},\"datePublished\":\"2022-06-30T10:36:45+00:00\",\"dateModified\":\"2024-03-18T07:48:03+00:00\",\"breadcrumb\":{\"@id\":\"https:\\\/\\\/scandoresidence.pl\\\/en\\\/privacy-policy\\\/#breadcrumb\"},\"inLanguage\":\"en-US\",\"potentialAction\":[{\"@type\":\"ReadAction\",\"target\":[\"https:\\\/\\\/scandoresidence.pl\\\/en\\\/privacy-policy\\\/\"]}]},{\"@type\":\"BreadcrumbList\",\"@id\":\"https:\\\/\\\/scandoresidence.pl\\\/en\\\/privacy-policy\\\/#breadcrumb\",\"itemListElement\":[{\"@type\":\"ListItem\",\"position\":1,\"name\":\"Strona g\u0142\u00f3wna\",\"item\":\"https:\\\/\\\/scandoresidence.pl\\\/en\\\/\"},{\"@type\":\"ListItem\",\"position\":2,\"name\":\"Privacy policy\"}]},{\"@type\":\"WebSite\",\"@id\":\"https:\\\/\\\/scandoresidence.pl\\\/en\\\/#website\",\"url\":\"https:\\\/\\\/scandoresidence.pl\\\/en\\\/\",\"name\":\"Scando Residence\",\"description\":\"\",\"potentialAction\":[{\"@type\":\"SearchAction\",\"target\":{\"@type\":\"EntryPoint\",\"urlTemplate\":\"https:\\\/\\\/scandoresidence.pl\\\/en\\\/?s={search_term_string}\"},\"query-input\":{\"@type\":\"PropertyValueSpecification\",\"valueRequired\":true,\"valueName\":\"search_term_string\"}}],\"inLanguage\":\"en-US\"}]}<\/script>\n<!-- \/ Yoast SEO plugin. -->","yoast_head_json":{"title":"Privacy policy | Scando Residence","robots":{"index":"index","follow":"follow","max-snippet":"max-snippet:-1","max-image-preview":"max-image-preview:large","max-video-preview":"max-video-preview:-1"},"canonical":"https:\/\/scandoresidence.pl\/en\/privacy-policy\/","og_locale":"en_US","og_type":"article","og_title":"Privacy policy | Scando Residence","og_description":"Kto jest administratorem Twoich danych osobowych? Administratorem Twoich danych osobowych jest LS INVEST Sp. z o.o. ul. Ks. Jerzego Popie\u0142uszki 24a\/4 80-864 Gda\u0144sk. &nbsp; Jak si\u0119 z nami skontaktowa\u0107, \u017ceby uzyska\u0107 wi\u0119cej informacji o przetwarzaniu danych osobowych? W celu uzyskania informacji odno\u015bnie sposobu przetwarzania danych osobowych przez LS INVEST prosimy o kontakt na adres mailowy: [&hellip;]","og_url":"https:\/\/scandoresidence.pl\/en\/privacy-policy\/","og_site_name":"Scando Residence","article_modified_time":"2024-03-18T07:48:03+00:00","og_image":[{"width":1200,"height":630,"url":"https:\/\/scandoresidence.pl\/wp-content\/uploads\/2022\/04\/ver3.jpg","type":"image\/jpeg"}],"twitter_card":"summary_large_image","twitter_misc":{"Est. reading time":"3 minutes"},"schema":{"@context":"https:\/\/schema.org","@graph":[{"@type":"WebPage","@id":"https:\/\/scandoresidence.pl\/en\/privacy-policy\/","url":"https:\/\/scandoresidence.pl\/en\/privacy-policy\/","name":"Privacy policy | Scando Residence","isPartOf":{"@id":"https:\/\/scandoresidence.pl\/en\/#website"},"datePublished":"2022-06-30T10:36:45+00:00","dateModified":"2024-03-18T07:48:03+00:00","breadcrumb":{"@id":"https:\/\/scandoresidence.pl\/en\/privacy-policy\/#breadcrumb"},"inLanguage":"en-US","potentialAction":[{"@type":"ReadAction","target":["https:\/\/scandoresidence.pl\/en\/privacy-policy\/"]}]},{"@type":"BreadcrumbList","@id":"https:\/\/scandoresidence.pl\/en\/privacy-policy\/#breadcrumb","itemListElement":[{"@type":"ListItem","position":1,"name":"Strona g\u0142\u00f3wna","item":"https:\/\/scandoresidence.pl\/en\/"},{"@type":"ListItem","position":2,"name":"Privacy policy"}]},{"@type":"WebSite","@id":"https:\/\/scandoresidence.pl\/en\/#website","url":"https:\/\/scandoresidence.pl\/en\/","name":"Scando Residence","description":"","potentialAction":[{"@type":"SearchAction","target":{"@type":"EntryPoint","urlTemplate":"https:\/\/scandoresidence.pl\/en\/?s={search_term_string}"},"query-input":{"@type":"PropertyValueSpecification","valueRequired":true,"valueName":"search_term_string"}}],"inLanguage":"en-US"}]}},"_links":{"self":[{"href":"https:\/\/scandoresidence.pl\/en\/wp-json\/wp\/v2\/pages\/685","targetHints":{"allow":["GET"]}}],"collection":[{"href":"https:\/\/scandoresidence.pl\/en\/wp-json\/wp\/v2\/pages"}],"about":[{"href":"https:\/\/scandoresidence.pl\/en\/wp-json\/wp\/v2\/types\/page"}],"author":[{"embeddable":true,"href":"https:\/\/scandoresidence.pl\/en\/wp-json\/wp\/v2\/users\/1"}],"replies":[{"embeddable":true,"href":"https:\/\/scandoresidence.pl\/en\/wp-json\/wp\/v2\/comments?post=685"}],"version-history":[{"count":3,"href":"https:\/\/scandoresidence.pl\/en\/wp-json\/wp\/v2\/pages\/685\/revisions"}],"predecessor-version":[{"id":892,"href":"https:\/\/scandoresidence.pl\/en\/wp-json\/wp\/v2\/pages\/685\/revisions\/892"}],"wp:attachment":[{"href":"https:\/\/scandoresidence.pl\/en\/wp-json\/wp\/v2\/media?parent=685"}],"curies":[{"name":"wp","href":"https:\/\/api.w.org\/{rel}","templated":true}]}}